{"id":28813,"date":"2024-02-15T20:01:29","date_gmt":"2024-02-15T20:01:29","guid":{"rendered":"https:\/\/arabcouncil.net\/?page_id=28813"},"modified":"2024-07-13T12:36:34","modified_gmt":"2024-07-13T12:36:34","slug":"la-fondation","status":"publish","type":"page","link":"https:\/\/arabcouncil.foundation\/fr\/la-fondation\/","title":{"rendered":"La Fondation"},"content":{"rendered":"<div class=\"fusion-fullwidth fullwidth-box fusion-builder-row-1 fusion-flex-container nonhundred-percent-fullwidth non-hundred-percent-height-scrolling\" style=\"--awb-border-radius-top-left:0px;--awb-border-radius-top-right:0px;--awb-border-radius-bottom-right:0px;--awb-border-radius-bottom-left:0px;--awb-flex-wrap:wrap;\" ><div class=\"fusion-builder-row fusion-row fusion-flex-align-items-flex-start fusion-flex-content-wrap\" style=\"max-width:1331.2px;margin-left: calc(-4% \/ 2 );margin-right: calc(-4% \/ 2 );\"><div class=\"fusion-layout-column fusion_builder_column fusion-builder-column-0 fusion_builder_column_1_1 1_1 fusion-flex-column\" style=\"--awb-bg-size:cover;--awb-width-large:100%;--awb-margin-top-large:0px;--awb-spacing-right-large:1.92%;--awb-margin-bottom-large:0px;--awb-spacing-left-large:1.92%;--awb-width-medium:100%;--awb-spacing-right-medium:1.92%;--awb-spacing-left-medium:1.92%;--awb-width-small:100%;--awb-spacing-right-small:1.92%;--awb-spacing-left-small:1.92%;\"><div class=\"fusion-column-wrapper fusion-flex-justify-content-flex-start fusion-content-layout-column\"><div class=\"fusion-text fusion-text-1\"><p>Le registre de commerce de la Conf\u00e9d\u00e9ration suisse a publi\u00e9 le 3 Mars 2022, l\u2019annonce de la cr\u00e9ation de la Fondation du Conseil Arabe sous le nom de :<\/p>\n<p>LA FONDATION DU CONSEIL ARABE<\/p>\n<p>(FONDATION LE CONSEIL ARABE)<\/p>\n<p>(FONDAZIONE IL CONSIGLIO ARABO)<\/p>\n<p>(STIFTUNG DER ARABISCHE RAT)<\/p>\n<p>Num\u00e9ro d\u2019immatriculation au registre de commerce : HR01-1005419549<\/p>\n<p>Immatricul\u00e9e dans le canton de Gen\u00e8ve le 28 f\u00e9vrier 2022<\/p>\n<p>ID d&rsquo;enregistrement d&rsquo;entreprise UID- : CHE-228.730.069.<\/p>\n<p>Organisme de r\u00e9vision : Gefid Conseils SA (CHE-107.877.335), Marly.<\/p>\n<p>22 Rue du Terreaux-du Temple, 1201 GENEVA<\/p>\n<p>Conseil d&rsquo;administration de la Fondation est compos\u00e9 de Mohamed Moncef Marzouki en tant que pr\u00e9sident, Tawakol Karman en tant que vice-pr\u00e9sidente, Ayman Nour en tant que vice-pr\u00e9sident et Moncef Amari en tant que secr\u00e9taire.<\/p>\n<\/div><\/div><\/div><\/div><\/div>\n","protected":false},"excerpt":{"rendered":"","protected":false},"author":1,"featured_media":0,"parent":0,"menu_order":0,"comment_status":"closed","ping_status":"closed","template":"100-width.php","meta":{"footnotes":""},"aioseo_notices":[],"_links":{"self":[{"href":"https:\/\/arabcouncil.foundation\/fr\/wp-json\/wp\/v2\/pages\/28813"}],"collection":[{"href":"https:\/\/arabcouncil.foundation\/fr\/wp-json\/wp\/v2\/pages"}],"about":[{"href":"https:\/\/arabcouncil.foundation\/fr\/wp-json\/wp\/v2\/types\/page"}],"author":[{"embeddable":true,"href":"https:\/\/arabcouncil.foundation\/fr\/wp-json\/wp\/v2\/users\/1"}],"replies":[{"embeddable":true,"href":"https:\/\/arabcouncil.foundation\/fr\/wp-json\/wp\/v2\/comments?post=28813"}],"version-history":[{"count":3,"href":"https:\/\/arabcouncil.foundation\/fr\/wp-json\/wp\/v2\/pages\/28813\/revisions"}],"predecessor-version":[{"id":29363,"href":"https:\/\/arabcouncil.foundation\/fr\/wp-json\/wp\/v2\/pages\/28813\/revisions\/29363"}],"wp:attachment":[{"href":"https:\/\/arabcouncil.foundation\/fr\/wp-json\/wp\/v2\/media?parent=28813"}],"curies":[{"name":"wp","href":"https:\/\/api.w.org\/{rel}","templated":true}]}}