{"id":28809,"date":"2024-02-15T19:59:02","date_gmt":"2024-02-15T19:59:02","guid":{"rendered":"https:\/\/arabcouncil.net\/?page_id=28809"},"modified":"2024-07-13T12:26:22","modified_gmt":"2024-07-13T12:26:22","slug":"qui-sommes-nous","status":"publish","type":"page","link":"https:\/\/arabcouncil.foundation\/fr\/qui-sommes-nous\/","title":{"rendered":"Qui sommes-nous"},"content":{"rendered":"<p>Le \u00ab\u00a0Conseil Arabe\u00a0\u00bb est une organisation non gouvernementale qui r\u00e9unit plusieurs personnalit\u00e9s du monde arabe dans le but de d\u00e9fendre les valeurs du printemps arabe, de consolider la culture d\u00e9mocratique dans la r\u00e9gion et d\u2019assurer un \u00e9change d\u2019exp\u00e9riences et d\u2019expertises dans la gestion des phases de transition d\u00e9mocratique.<\/p>\n<p>Le Conseil Arabe a \u00e9t\u00e9 cr\u00e9\u00e9 le 26 juillet 2014 \u00e0 Tunis, sous le nom du \u00ab Conseil arabe pour la d\u00e9fense des r\u00e9volutions d\u00e9mocratiques\u00bb \u00e0 la suite d\u2019une conf\u00e9rence de presse en pr\u00e9sence de Mme Tawakol Karman -journaliste et activiste y\u00e9m\u00e9nite qui a remport\u00e9 le prix Nobel de la paix en 2011, Dr. Ayman Nour &#8211; pr\u00e9sident du parti politique \u00e9gyptien \u00ab\u00a0Ghad Al-Thawra\u00a0\u00bb, et l&rsquo;ing\u00e9nieur Imad Daimi- secr\u00e9taire g\u00e9n\u00e9ral du parti tunisien \u00ab\u00a0Congr\u00e8s pour la R\u00e9publique\u00a0\u00bb. Dr. Mohamed Moncef Marzouki, alors Pr\u00e9sident de la r\u00e9publique tunisienne, a \u00e9t\u00e9 d\u00e9sign\u00e9 pr\u00e9sident du Conseil Arabe.<\/p>\n<p>Cette initiative est n\u00e9e en r\u00e9ponse \u00e0 un r\u00e9el besoin de construire une alliance des forces d\u00e9mocratiques dans le monde arabe qui croient en la p\u00e9rennit\u00e9 des valeurs du printemps arabe et en la n\u00e9cessit\u00e9 de faire face \u00e0 la tyrannie et la corruption qui ont r\u00e9ussi ces derni\u00e8res ann\u00e9es \u00e0 d\u00e9stabiliser les r\u00e9volutions d\u00e9mocratiques pacifiques.<\/p>\n<p>La cr\u00e9ation du Conseil est venue dans le but de d\u00e9fendre les valeurs des r\u00e9volutions arabes et le droit des peuples \u00e0 disposer d\u2019eux m\u00eame, de consolider la culture d\u00e9mocratique dans la r\u00e9gion arabe, de soutenir les libert\u00e9s, les droits humains et les causes justes, d&rsquo;\u00e9changer les exp\u00e9riences et les expertises dans la gestion des \u00e9tapes de transition d\u00e9mocratique.<\/p>\n<p>Le Conseil Arabe vise \u00e9galement \u00e0 raviver l&rsquo;id\u00e9e d&rsquo;une action arabe commune en construisant un r\u00e9seau de partenaires et en pr\u00e9sentant des initiatives visant \u00e0 attirer l&rsquo;attention de la nation arabe sur les grands d\u00e9fis \u00e9conomiques, sociaux, environnementaux et culturels que l&rsquo;ancien r\u00e9gime arabe n&rsquo;a pas \u00e9t\u00e9 en mesure de r\u00e9soudre, et en \u0153uvrant pour pr\u00e9parer le terrain intellectuel, politique et structurel pour le projet arabe commun alternatif.<\/p>\n<p>Des recherches, des \u00e9tudes ainsi que l&rsquo;\u00e9change d&rsquo;exp\u00e9riences et d&rsquo;expertise ont \u00e9t\u00e9 men\u00e9s, en particulier dans le domaine du travail commun entre les diff\u00e9rentes composantes du spectre national, l\u2019aide \u00e0 la r\u00e9daction des blogs nationaux, et la gestion des \u00e9tapes de transition d\u00e9mocratique.<\/p>\n<p>Le Conseil a \u00e9galement eu des positions et des d\u00e9clarations concernant les \u00e9v\u00e9nements dans la r\u00e9gion arabe et des r\u00e9unions fr\u00e9quentes avec diverses personnalit\u00e9s politiques internationales pour d\u00e9fendre les causes justes des peuples de la r\u00e9gion et leur droit \u00e0 la libert\u00e9, \u00e0 la dignit\u00e9, \u00e0 la d\u00e9mocratie et \u00e0 la souverainet\u00e9.<\/p>\n<p>Au cours des derni\u00e8res ann\u00e9es, un certain nombre d&rsquo;ateliers, de congr\u00e8s et de conf\u00e9rences ont \u00e9t\u00e9 organis\u00e9s afin de tirer les le\u00e7ons des processus de transition d\u00e9mocratique dans les pays du printemps arabe.<\/p>\n<p>Le 28 f\u00e9vrier 2022, une fondation de droit suisse a \u00e9t\u00e9 cr\u00e9\u00e9e \u00e0 Gen\u00e8ve sous le nom de \u00abArab Council Foundation\u00bb, pr\u00e9sid\u00e9 par le Dr. Mohamed Moncef Marzouki, Mme Tawakol Karman et Dr. Ayman Nour en tant que vice-pr\u00e9sidents et Mr.Moncef Amari en tant que secr\u00e9taire<\/p>\n","protected":false},"excerpt":{"rendered":"<p>Le \u00ab\u00a0Conseil Arabe\u00a0\u00bb est une organisation non gouvernementale qui r\u00e9unit [&hellip;]<\/p>\n","protected":false},"author":1,"featured_media":0,"parent":0,"menu_order":0,"comment_status":"closed","ping_status":"closed","template":"100-width.php","meta":{"footnotes":""},"aioseo_notices":[],"_links":{"self":[{"href":"https:\/\/arabcouncil.foundation\/fr\/wp-json\/wp\/v2\/pages\/28809"}],"collection":[{"href":"https:\/\/arabcouncil.foundation\/fr\/wp-json\/wp\/v2\/pages"}],"about":[{"href":"https:\/\/arabcouncil.foundation\/fr\/wp-json\/wp\/v2\/types\/page"}],"author":[{"embeddable":true,"href":"https:\/\/arabcouncil.foundation\/fr\/wp-json\/wp\/v2\/users\/1"}],"replies":[{"embeddable":true,"href":"https:\/\/arabcouncil.foundation\/fr\/wp-json\/wp\/v2\/comments?post=28809"}],"version-history":[{"count":2,"href":"https:\/\/arabcouncil.foundation\/fr\/wp-json\/wp\/v2\/pages\/28809\/revisions"}],"predecessor-version":[{"id":29358,"href":"https:\/\/arabcouncil.foundation\/fr\/wp-json\/wp\/v2\/pages\/28809\/revisions\/29358"}],"wp:attachment":[{"href":"https:\/\/arabcouncil.foundation\/fr\/wp-json\/wp\/v2\/media?parent=28809"}],"curies":[{"name":"wp","href":"https:\/\/api.w.org\/{rel}","templated":true}]}}